{"id":654,"date":"2026-04-12T16:21:13","date_gmt":"2026-04-12T16:21:13","guid":{"rendered":"https:\/\/ursulabor.de\/?page_id=654"},"modified":"2026-04-13T16:08:23","modified_gmt":"2026-04-13T16:08:23","slug":"ws-vier-dienstage-vier-challenges","status":"publish","type":"page","link":"https:\/\/ursulabor.de\/?page_id=654","title":{"rendered":"WS Vier Dienstage, vier Challenges!"},"content":{"rendered":"\n<h2 class=\"wp-block-heading\">Vier Dienstage, vier Challenges!<\/h2>\n\n\n\n<p>Hast du schon einmal ein Ei so vom Hausdach geworfen, dass es nicht kaputt gegangen ist? Oder hast du schonmal eine Br\u00fccke aus drei DIN-A4-Bl\u00e4ttern \u00fcber einen breiten Graben gebaut, die mehr tragen konnte als alle anderen? Oder, oder, oder &#8230;?<\/p>\n\n\n\n<p><strong>Wenn nicht, dann wird es h\u00f6chste Zeit!<\/strong><\/p>\n\n\n\n<figure class=\"wp-block-image aligncenter size-full\"><img loading=\"lazy\" decoding=\"async\" width=\"932\" height=\"505\" src=\"https:\/\/ursulabor.de\/wp-content\/uploads\/2026\/04\/Papierbruecke.jpg\" alt=\"\" class=\"wp-image-655\" srcset=\"https:\/\/ursulabor.de\/wp-content\/uploads\/2026\/04\/Papierbruecke.jpg 932w, https:\/\/ursulabor.de\/wp-content\/uploads\/2026\/04\/Papierbruecke-300x163.jpg 300w, https:\/\/ursulabor.de\/wp-content\/uploads\/2026\/04\/Papierbruecke-768x416.jpg 768w\" sizes=\"auto, (max-width: 932px) 100vw, 932px\" \/><\/figure>\n\n\n\n<p>In diesem Workshop werden wir uns an vier Dienstagen jeweils einer neuen Herausforderung stellen, die am Ende des Tagesvon m\u00f6glichst vielen kleinen Gruppen m\u00f6glichst erfolgreich und m\u00f6glichst kreativ gemeistert wurde, denn die \u00dcberschrift ist Programm: &#8222;Vier Dienstage, vier Challenges&#8220;!<\/p>\n\n\n\n<p>Sei dabei, wir freuen uns auf dich!<\/p>\n\n\n\n<p><\/p>\n\n\n\n<figure class=\"wp-block-table is-style-regular\"><table><tbody><tr><td><img loading=\"lazy\" decoding=\"async\" width=\"150\" height=\"102\" class=\"wp-image-22\" style=\"width: 150px;\" src=\"https:\/\/ursulabor.de\/wp-content\/uploads\/2021\/10\/IconVoraussetzungen.jpg\" alt=\"\"><\/td><td><strong>Der Workshop richtet sich an alle von euch aus den Klassen 5 bis 7.<\/strong><br><br>Du ben\u00f6tigst keine Vorkenntnisse!<br><\/td><\/tr><tr><td><img loading=\"lazy\" decoding=\"async\" width=\"150\" height=\"102\" class=\"wp-image-21\" style=\"width: 150px;\" src=\"https:\/\/ursulabor.de\/wp-content\/uploads\/2021\/10\/IconBerechtigungen.jpg\" alt=\"\"><\/td><td>Der Bastelschrank im UrsuLabor steht dir im Anschluss auch f\u00fcr eigene Projekte in der freien Laborarbeit zur Verf\u00fcgung!<\/td><\/tr><\/tbody><\/table><\/figure>\n","protected":false},"excerpt":{"rendered":"<p>Vier Dienstage, vier Challenges! Hast du schon einmal ein Ei so vom Hausdach geworfen, dass es nicht kaputt gegangen ist? Oder hast du schonmal eine Br\u00fccke aus drei DIN-A4-Bl\u00e4ttern \u00fcber einen breiten Graben gebaut, die mehr tragen konnte als alle anderen? Oder, oder, oder &#8230;? Wenn nicht, dann wird es h\u00f6chste Zeit! In diesem Workshop [&hellip;]<\/p>\n","protected":false},"author":1,"featured_media":0,"parent":0,"menu_order":0,"comment_status":"closed","ping_status":"closed","template":"","meta":{"_uag_custom_page_level_css":"","site-sidebar-layout":"default","site-content-layout":"","ast-site-content-layout":"default","site-content-style":"default","site-sidebar-style":"default","ast-global-header-display":"","ast-banner-title-visibility":"","ast-main-header-display":"","ast-hfb-above-header-display":"","ast-hfb-below-header-display":"","ast-hfb-mobile-header-display":"","site-post-title":"disabled","ast-breadcrumbs-content":"","ast-featured-img":"","footer-sml-layout":"","ast-disable-related-posts":"","theme-transparent-header-meta":"","adv-header-id-meta":"","stick-header-meta":"","header-above-stick-meta":"","header-main-stick-meta":"","header-below-stick-meta":"","astra-migrate-meta-layouts":"set","ast-page-background-enabled":"default","ast-page-background-meta":{"desktop":{"background-color":"var(--ast-global-color-4)","background-image":"","background-repeat":"repeat","background-position":"center center","background-size":"auto","background-attachment":"scroll","background-type":"","background-media":"","overlay-type":"","overlay-color":"","overlay-opacity":"","overlay-gradient":""},"tablet":{"background-color":"","background-image":"","background-repeat":"repeat","background-position":"center center","background-size":"auto","background-attachment":"scroll","background-type":"","background-media":"","overlay-type":"","overlay-color":"","overlay-opacity":"","overlay-gradient":""},"mobile":{"background-color":"","background-image":"","background-repeat":"repeat","background-position":"center center","background-size":"auto","background-attachment":"scroll","background-type":"","background-media":"","overlay-type":"","overlay-color":"","overlay-opacity":"","overlay-gradient":""}},"ast-content-background-meta":{"desktop":{"background-color":"var(--ast-global-color-5)","background-image":"","background-repeat":"repeat","background-position":"center center","background-size":"auto","background-attachment":"scroll","background-type":"","background-media":"","overlay-type":"","overlay-color":"","overlay-opacity":"","overlay-gradient":""},"tablet":{"background-color":"var(--ast-global-color-5)","background-image":"","background-repeat":"repeat","background-position":"center center","background-size":"auto","background-attachment":"scroll","background-type":"","background-media":"","overlay-type":"","overlay-color":"","overlay-opacity":"","overlay-gradient":""},"mobile":{"background-color":"var(--ast-global-color-5)","background-image":"","background-repeat":"repeat","background-position":"center center","background-size":"auto","background-attachment":"scroll","background-type":"","background-media":"","overlay-type":"","overlay-color":"","overlay-opacity":"","overlay-gradient":""}},"footnotes":""},"class_list":["post-654","page","type-page","status-publish","hentry"],"uagb_featured_image_src":{"full":false,"thumbnail":false,"medium":false,"medium_large":false,"large":false,"1536x1536":false,"2048x2048":false},"uagb_author_info":{"display_name":"admin","author_link":"https:\/\/ursulabor.de\/?author=1"},"uagb_comment_info":0,"uagb_excerpt":"Vier Dienstage, vier Challenges! Hast du schon einmal ein Ei so vom Hausdach geworfen, dass es nicht kaputt gegangen ist? Oder hast du schonmal eine Br\u00fccke aus drei DIN-A4-Bl\u00e4ttern \u00fcber einen breiten Graben gebaut, die mehr tragen konnte als alle anderen? Oder, oder, oder &#8230;? Wenn nicht, dann wird es h\u00f6chste Zeit! In diesem Workshop&hellip;","_links":{"self":[{"href":"https:\/\/ursulabor.de\/index.php?rest_route=\/wp\/v2\/pages\/654","targetHints":{"allow":["GET"]}}],"collection":[{"href":"https:\/\/ursulabor.de\/index.php?rest_route=\/wp\/v2\/pages"}],"about":[{"href":"https:\/\/ursulabor.de\/index.php?rest_route=\/wp\/v2\/types\/page"}],"author":[{"embeddable":true,"href":"https:\/\/ursulabor.de\/index.php?rest_route=\/wp\/v2\/users\/1"}],"replies":[{"embeddable":true,"href":"https:\/\/ursulabor.de\/index.php?rest_route=%2Fwp%2Fv2%2Fcomments&post=654"}],"version-history":[{"count":4,"href":"https:\/\/ursulabor.de\/index.php?rest_route=\/wp\/v2\/pages\/654\/revisions"}],"predecessor-version":[{"id":661,"href":"https:\/\/ursulabor.de\/index.php?rest_route=\/wp\/v2\/pages\/654\/revisions\/661"}],"wp:attachment":[{"href":"https:\/\/ursulabor.de\/index.php?rest_route=%2Fwp%2Fv2%2Fmedia&parent=654"}],"curies":[{"name":"wp","href":"https:\/\/api.w.org\/{rel}","templated":true}]}}