{"id":578,"date":"2025-10-01T19:31:34","date_gmt":"2025-10-01T19:31:34","guid":{"rendered":"https:\/\/ursulabor.de\/?page_id=578"},"modified":"2025-10-02T07:12:39","modified_gmt":"2025-10-02T07:12:39","slug":"escape-wuerfel","status":"publish","type":"page","link":"https:\/\/ursulabor.de\/?page_id=578","title":{"rendered":"PJ: Escape-W\u00fcrfel"},"content":{"rendered":"\n<h2 class=\"wp-block-heading\">Bau eines Escapew\u00fcrfels<\/h2>\n\n\n\n<p><strong>Haftungsausschluss:<\/strong> Die folgenden Materialien wurden zwar sorgf\u00e4ltig ausgearbeitet, k\u00f6nnen aber selbstverst\u00e4ndlich noch Fehler enthalten! Bitte \u00fcberpr\u00fcft s\u00e4mtliche Schaltungen, Programme, Arbeitsschritte selbst erneut auf Richtigkeit! <strong>F\u00fcr eventuell aus der Arbeit mit diesen Tutorialmaterialien resultierenden Sch\u00e4den \u00fcbernehmen wir keinerlei Haftung!<\/strong><\/p>\n\n\n\n<div class=\"wp-block-media-text is-stacked-on-mobile\"><figure class=\"wp-block-media-text__media\"><img loading=\"lazy\" decoding=\"async\" width=\"587\" height=\"558\" src=\"https:\/\/ursulabor.de\/wp-content\/uploads\/2025\/10\/escape-wuerfel-offen.jpg\" alt=\"\" class=\"wp-image-582 size-full\" srcset=\"https:\/\/ursulabor.de\/wp-content\/uploads\/2025\/10\/escape-wuerfel-offen.jpg 587w, https:\/\/ursulabor.de\/wp-content\/uploads\/2025\/10\/escape-wuerfel-offen-300x285.jpg 300w\" sizes=\"auto, (max-width: 587px) 100vw, 587px\" \/><\/figure><div class=\"wp-block-media-text__content\">\n<p>Ein Escapew\u00fcrfel entsteht in mehreren Etappen:<\/p>\n\n\n\n<ul class=\"wp-block-list\">\n<li>Erstellen der Platine mit den elektronischen Komponenten<\/li>\n\n\n\n<li>Programmierung des W\u00fcrfels<\/li>\n\n\n\n<li>Erstellen des W\u00fcrfels<\/li>\n\n\n\n<li>Zusammenf\u00fcgen aller Komponenten<\/li>\n\n\n\n<li>Konzeption des R\u00e4tsels<\/li>\n\n\n\n<li>Gestaltung des W\u00fcrfels und sonstiger ben\u00f6tigter R\u00e4tselbestandteile<\/li>\n<\/ul>\n<\/div><\/div>\n\n\n\n<div style=\"height:100px\" aria-hidden=\"true\" class=\"wp-block-spacer\"><\/div>\n\n\n\n<h3 class=\"wp-block-heading\">Schritt 1: Von den Grundlagen der Elektronik und deren Programmierung bis hin zur Platine<\/h3>\n\n\n\n<div class=\"wp-block-media-text is-stacked-on-mobile\"><figure class=\"wp-block-media-text__media\"><img loading=\"lazy\" decoding=\"async\" width=\"768\" height=\"1024\" src=\"https:\/\/ursulabor.de\/wp-content\/uploads\/2025\/10\/escape-elektronikteile-768x1024.jpeg\" alt=\"\" class=\"wp-image-587 size-full\" srcset=\"https:\/\/ursulabor.de\/wp-content\/uploads\/2025\/10\/escape-elektronikteile-768x1024.jpeg 768w, https:\/\/ursulabor.de\/wp-content\/uploads\/2025\/10\/escape-elektronikteile-225x300.jpeg 225w, https:\/\/ursulabor.de\/wp-content\/uploads\/2025\/10\/escape-elektronikteile-1152x1536.jpeg 1152w, https:\/\/ursulabor.de\/wp-content\/uploads\/2025\/10\/escape-elektronikteile.jpeg 1536w\" sizes=\"auto, (max-width: 768px) 100vw, 768px\" \/><\/figure><div class=\"wp-block-media-text__content\">\n<p>F\u00fcr diesen Teil werden ben\u00f6tigt:<\/p>\n\n\n\n<ul class=\"wp-block-list\">\n<li>ein Breadboard und Breadboardkabel<\/li>\n\n\n\n<li>ein Arduino Nano (oder ein dazu kompatibler Mikrcontroller)<\/li>\n\n\n\n<li>ein passendes USB-Kabel<\/li>\n\n\n\n<li>ein PC, Laptop, o.\u00e4. und f\u00fcr sp\u00e4ter eine Powerbank<\/li>\n\n\n\n<li>drei farbige LED mit passenden Vorwiderst\u00e4nden f\u00fcr den 5V-Betrieb<\/li>\n\n\n\n<li>ein Beschleunigungssensor ADXL-345<\/li>\n\n\n\n<li>eine Lochrasterplatine f\u00fcr die finale Realisation der Schaltung<\/li>\n\n\n\n<li>eine L\u00f6tstation, L\u00f6tzinn,&#8230;<\/li>\n<\/ul>\n\n\n\n<p><\/p>\n\n\n\n<p><\/p>\n<\/div><\/div>\n\n\n\n<div style=\"height:30px\" aria-hidden=\"true\" class=\"wp-block-spacer\"><\/div>\n\n\n\n<p>Damit kann es losgehen:<\/p>\n\n\n\n<div style=\"height:30px\" aria-hidden=\"true\" class=\"wp-block-spacer\"><\/div>\n\n\n\n<div data-wp-interactive=\"core\/file\" class=\"wp-block-file\"><object data-wp-bind--hidden=\"!state.hasPdfPreview\" hidden class=\"wp-block-file__embed\" data=\"https:\/\/ursulabor.de\/wp-content\/uploads\/2025\/10\/Teil-1-Elektronik-und-Programmierung.pdf\" type=\"application\/pdf\" style=\"width:100%;height:600px\" aria-label=\"Einbettung von Teil 1 Elektronik und Programmierung.\"><\/object><a id=\"wp-block-file--media-369c1c5f-7887-4ca7-bb06-cc8739bb526f\" href=\"https:\/\/ursulabor.de\/wp-content\/uploads\/2025\/10\/Teil-1-Elektronik-und-Programmierung.pdf\">Teil 1 Elektronik und Programmierung<\/a><a href=\"https:\/\/ursulabor.de\/wp-content\/uploads\/2025\/10\/Teil-1-Elektronik-und-Programmierung.pdf\" class=\"wp-block-file__button wp-element-button\" download aria-describedby=\"wp-block-file--media-369c1c5f-7887-4ca7-bb06-cc8739bb526f\">Herunterladen<\/a><\/div>\n\n\n\n<div style=\"height:100px\" aria-hidden=\"true\" class=\"wp-block-spacer\"><\/div>\n\n\n\n<h3 class=\"wp-block-heading\">Schritt 2: Die eigentliche Programmierung des W\u00fcrfels<\/h3>\n\n\n\n<div data-wp-interactive=\"core\/file\" class=\"wp-block-file\"><object data-wp-bind--hidden=\"!state.hasPdfPreview\" hidden class=\"wp-block-file__embed\" data=\"https:\/\/ursulabor.de\/wp-content\/uploads\/2025\/10\/Teil-2-Elektronik-und-Programmierung.pdf\" type=\"application\/pdf\" style=\"width:100%;height:600px\" aria-label=\"Einbettung von Teil 2 Elektronik und Programmierung.\"><\/object><a id=\"wp-block-file--media-16eb35e6-dd62-4cce-84f1-178af4fdb8f4\" href=\"https:\/\/ursulabor.de\/wp-content\/uploads\/2025\/10\/Teil-2-Elektronik-und-Programmierung.pdf\">Teil 2 Elektronik und Programmierung<\/a><a href=\"https:\/\/ursulabor.de\/wp-content\/uploads\/2025\/10\/Teil-2-Elektronik-und-Programmierung.pdf\" class=\"wp-block-file__button wp-element-button\" download aria-describedby=\"wp-block-file--media-16eb35e6-dd62-4cce-84f1-178af4fdb8f4\">Herunterladen<\/a><\/div>\n\n\n\n<div style=\"height:100px\" aria-hidden=\"true\" class=\"wp-block-spacer\"><\/div>\n\n\n\n<h3 class=\"wp-block-heading\">Schritte 3 und 4: Erstellen des W\u00fcrfels \/ Zusammenf\u00fcgen der Komponenten<\/h3>\n\n\n\n<div class=\"wp-block-media-text is-stacked-on-mobile\"><figure class=\"wp-block-media-text__media\"><img loading=\"lazy\" decoding=\"async\" width=\"768\" height=\"1024\" src=\"https:\/\/ursulabor.de\/wp-content\/uploads\/2025\/10\/escape-lasercutterteile-768x1024.jpeg\" alt=\"\" class=\"wp-image-594 size-full\" srcset=\"https:\/\/ursulabor.de\/wp-content\/uploads\/2025\/10\/escape-lasercutterteile-768x1024.jpeg 768w, https:\/\/ursulabor.de\/wp-content\/uploads\/2025\/10\/escape-lasercutterteile-225x300.jpeg 225w, https:\/\/ursulabor.de\/wp-content\/uploads\/2025\/10\/escape-lasercutterteile-1152x1536.jpeg 1152w, https:\/\/ursulabor.de\/wp-content\/uploads\/2025\/10\/escape-lasercutterteile.jpeg 1536w\" sizes=\"auto, (max-width: 768px) 100vw, 768px\" \/><\/figure><div class=\"wp-block-media-text__content\">\n<p>Prinzipiell kann man die fertige Platine in jeden Kasten, Karton, o.\u00e4. verbauen.<\/p>\n\n\n\n<p>Wer einen Lasercutter zur Verf\u00fcgung hat, kann auch gerne auf die Dateien unten zur\u00fcckgreifen. Neben den Schnittmustern im dxf-Format befindet sich dort auch eine stl-Datei, mit der mit einem 3D-Drucker Befestigungsecken f\u00fcr die Verschraubung des Deckels ausgedruckt werden k\u00f6nnen. Hier m\u00fcssen noch kleine M3-Muttern eingesetzt werden, in die entsprechende Schrauben greifen k\u00f6nnen.<\/p>\n\n\n\n<p>Downloadlink Lasercutterdatei: <a href=\"http:\/\/www.ursulinen-hoch-hinaus.de\/downloads\/Escapebox_v5.dxf\" target=\"_blank\" rel=\"noreferrer noopener\">Escapebox_v5.dxf<\/a><\/p>\n\n\n\n<p>Downloadlink 3D-Druckdatei Befestugungsecken: <a href=\"http:\/\/www.ursulinen-hoch-hinaus.de\/downloads\/Ecke_JIA_neu_klein-Body.stl\" target=\"_blank\" rel=\"noreferrer noopener\">Ecke_JIA_neu_klein-Body.stl<\/a><\/p>\n<\/div><\/div>\n\n\n\n<div style=\"height:100px\" aria-hidden=\"true\" class=\"wp-block-spacer\"><\/div>\n\n\n\n<h3 class=\"wp-block-heading\">Schritte 5 und 6: Erstellen des R\u00e4tsels und Gestalten des W\u00fcrfels<\/h3>\n\n\n\n<div class=\"wp-block-media-text is-stacked-on-mobile\"><figure class=\"wp-block-media-text__media\"><img loading=\"lazy\" decoding=\"async\" width=\"490\" height=\"374\" src=\"https:\/\/ursulabor.de\/wp-content\/uploads\/2025\/10\/escape-wuerfel.jpg\" alt=\"\" class=\"wp-image-573 size-full\" srcset=\"https:\/\/ursulabor.de\/wp-content\/uploads\/2025\/10\/escape-wuerfel.jpg 490w, https:\/\/ursulabor.de\/wp-content\/uploads\/2025\/10\/escape-wuerfel-300x229.jpg 300w\" sizes=\"auto, (max-width: 490px) 100vw, 490px\" \/><\/figure><div class=\"wp-block-media-text__content\">\n<p>Und jetzt ist eure Kreativit\u00e4t gefragt!<\/p>\n\n\n\n<p>Kleines Beispiel: Bei den W\u00fcrfeln rechts im Bild wurden &#8222;Bordkarten&#8220; im Escaperoom versteckt. Wenn alle beieinander sind, kann man sie chronologisch sortieren und die Reise durch Drehen des W\u00fcrfels richtig nachvollziehen. Und schon wird der Code vom W\u00fcrfel freigegeben!<\/p>\n\n\n\n<p><\/p>\n<\/div><\/div>\n\n\n\n<p><\/p>\n","protected":false},"excerpt":{"rendered":"<p>Bau eines Escapew\u00fcrfels Haftungsausschluss: Die folgenden Materialien wurden zwar sorgf\u00e4ltig ausgearbeitet, k\u00f6nnen aber selbstverst\u00e4ndlich noch Fehler enthalten! Bitte \u00fcberpr\u00fcft s\u00e4mtliche Schaltungen, Programme, Arbeitsschritte selbst erneut auf Richtigkeit! F\u00fcr eventuell aus der Arbeit mit diesen Tutorialmaterialien resultierenden Sch\u00e4den \u00fcbernehmen wir keinerlei Haftung! Schritt 1: Von den Grundlagen der Elektronik und deren Programmierung bis hin zur Platine [&hellip;]<\/p>\n","protected":false},"author":1,"featured_media":0,"parent":0,"menu_order":0,"comment_status":"closed","ping_status":"closed","template":"","meta":{"_uag_custom_page_level_css":"","site-sidebar-layout":"default","site-content-layout":"","ast-site-content-layout":"default","site-content-style":"default","site-sidebar-style":"default","ast-global-header-display":"","ast-banner-title-visibility":"","ast-main-header-display":"","ast-hfb-above-header-display":"","ast-hfb-below-header-display":"","ast-hfb-mobile-header-display":"","site-post-title":"disabled","ast-breadcrumbs-content":"","ast-featured-img":"","footer-sml-layout":"","ast-disable-related-posts":"","theme-transparent-header-meta":"","adv-header-id-meta":"","stick-header-meta":"","header-above-stick-meta":"","header-main-stick-meta":"","header-below-stick-meta":"","astra-migrate-meta-layouts":"set","ast-page-background-enabled":"default","ast-page-background-meta":{"desktop":{"background-color":"var(--ast-global-color-4)","background-image":"","background-repeat":"repeat","background-position":"center center","background-size":"auto","background-attachment":"scroll","background-type":"","background-media":"","overlay-type":"","overlay-color":"","overlay-opacity":"","overlay-gradient":""},"tablet":{"background-color":"","background-image":"","background-repeat":"repeat","background-position":"center center","background-size":"auto","background-attachment":"scroll","background-type":"","background-media":"","overlay-type":"","overlay-color":"","overlay-opacity":"","overlay-gradient":""},"mobile":{"background-color":"","background-image":"","background-repeat":"repeat","background-position":"center center","background-size":"auto","background-attachment":"scroll","background-type":"","background-media":"","overlay-type":"","overlay-color":"","overlay-opacity":"","overlay-gradient":""}},"ast-content-background-meta":{"desktop":{"background-color":"var(--ast-global-color-5)","background-image":"","background-repeat":"repeat","background-position":"center center","background-size":"auto","background-attachment":"scroll","background-type":"","background-media":"","overlay-type":"","overlay-color":"","overlay-opacity":"","overlay-gradient":""},"tablet":{"background-color":"var(--ast-global-color-5)","background-image":"","background-repeat":"repeat","background-position":"center center","background-size":"auto","background-attachment":"scroll","background-type":"","background-media":"","overlay-type":"","overlay-color":"","overlay-opacity":"","overlay-gradient":""},"mobile":{"background-color":"var(--ast-global-color-5)","background-image":"","background-repeat":"repeat","background-position":"center center","background-size":"auto","background-attachment":"scroll","background-type":"","background-media":"","overlay-type":"","overlay-color":"","overlay-opacity":"","overlay-gradient":""}},"footnotes":""},"class_list":["post-578","page","type-page","status-publish","hentry"],"uagb_featured_image_src":{"full":false,"thumbnail":false,"medium":false,"medium_large":false,"large":false,"1536x1536":false,"2048x2048":false},"uagb_author_info":{"display_name":"admin","author_link":"https:\/\/ursulabor.de\/?author=1"},"uagb_comment_info":0,"uagb_excerpt":"Bau eines Escapew\u00fcrfels Haftungsausschluss: Die folgenden Materialien wurden zwar sorgf\u00e4ltig ausgearbeitet, k\u00f6nnen aber selbstverst\u00e4ndlich noch Fehler enthalten! Bitte \u00fcberpr\u00fcft s\u00e4mtliche Schaltungen, Programme, Arbeitsschritte selbst erneut auf Richtigkeit! F\u00fcr eventuell aus der Arbeit mit diesen Tutorialmaterialien resultierenden Sch\u00e4den \u00fcbernehmen wir keinerlei Haftung! Schritt 1: Von den Grundlagen der Elektronik und deren Programmierung bis hin zur Platine&hellip;","_links":{"self":[{"href":"https:\/\/ursulabor.de\/index.php?rest_route=\/wp\/v2\/pages\/578","targetHints":{"allow":["GET"]}}],"collection":[{"href":"https:\/\/ursulabor.de\/index.php?rest_route=\/wp\/v2\/pages"}],"about":[{"href":"https:\/\/ursulabor.de\/index.php?rest_route=\/wp\/v2\/types\/page"}],"author":[{"embeddable":true,"href":"https:\/\/ursulabor.de\/index.php?rest_route=\/wp\/v2\/users\/1"}],"replies":[{"embeddable":true,"href":"https:\/\/ursulabor.de\/index.php?rest_route=%2Fwp%2Fv2%2Fcomments&post=578"}],"version-history":[{"count":12,"href":"https:\/\/ursulabor.de\/index.php?rest_route=\/wp\/v2\/pages\/578\/revisions"}],"predecessor-version":[{"id":606,"href":"https:\/\/ursulabor.de\/index.php?rest_route=\/wp\/v2\/pages\/578\/revisions\/606"}],"wp:attachment":[{"href":"https:\/\/ursulabor.de\/index.php?rest_route=%2Fwp%2Fv2%2Fmedia&parent=578"}],"curies":[{"name":"wp","href":"https:\/\/api.w.org\/{rel}","templated":true}]}}