{"id":380,"date":"2024-08-30T14:25:33","date_gmt":"2024-08-30T14:25:33","guid":{"rendered":"https:\/\/ursulabor.de\/?page_id=380"},"modified":"2025-09-19T19:19:33","modified_gmt":"2025-09-19T19:19:33","slug":"kinsecta-modul-3-jetzt-dreht-sich-alles-um-die-kuenstliche-intelligenz","status":"publish","type":"page","link":"https:\/\/ursulabor.de\/?page_id=380","title":{"rendered":"WS &#8211; KInsecta-Modul 3: Jetzt dreht sich alles um die K\u00fcnstliche Intelligenz!"},"content":{"rendered":"\n<h2 class=\"wp-block-heading\"><strong>KI<\/strong>nsecta: Jetzt dreht sich alles um die <strong>K<\/strong>\u00fcnstliche <strong>I<\/strong>ntelligenz!<\/h2>\n\n\n\n<p>K\u00fcnstliche Intelligenz begegnet uns in unserem Alltag mittlerweile in vielen Anwendungen und Situationen und sie kann wirklich sehr hilfreich sein. Insbesondere dann, wenn man sich etwas damit auskennt. Und genau darum wird es in diesem Workshop gehen:<\/p>\n\n\n\n<div style=\"height:30px\" aria-hidden=\"true\" class=\"wp-block-spacer\"><\/div>\n\n\n\n<figure class=\"wp-block-image aligncenter size-full\"><img loading=\"lazy\" decoding=\"async\" width=\"676\" height=\"479\" src=\"https:\/\/ursulabor.de\/wp-content\/uploads\/2024\/08\/KI-Biene-auf-Schulhof.jpg\" alt=\"\" class=\"wp-image-384\" srcset=\"https:\/\/ursulabor.de\/wp-content\/uploads\/2024\/08\/KI-Biene-auf-Schulhof.jpg 676w, https:\/\/ursulabor.de\/wp-content\/uploads\/2024\/08\/KI-Biene-auf-Schulhof-300x213.jpg 300w\" sizes=\"auto, (max-width: 676px) 100vw, 676px\" \/><figcaption class=\"wp-element-caption\">Eine Biene auf dem Schulhof der Ursulinenschule wird von KI analysiert. Alle Rechte vorbehalten!<\/figcaption><\/figure>\n\n\n\n<div style=\"height:30px\" aria-hidden=\"true\" class=\"wp-block-spacer\"><\/div>\n\n\n\n<ul class=\"wp-block-list\">\n<li>Wir kn\u00f6pfen uns unser Problem aus dem Projekt KInsecta vor und suchen nach M\u00f6glichkeiten, wie der Computer uns bei der Identifikation und Z\u00e4hlung von Insekten mit der bereits gebauten &#8222;Falle&#8220; helfen kann.<\/li>\n\n\n\n<li>Dazu schauen wir uns zun\u00e4chst an, auf welchen Grundideen k\u00fcnstliche Intelligenz basiert.<\/li>\n\n\n\n<li>Anschlie\u00dfend trainieren wir eine Bilderkennungs-KI mit einfachen Aufgaben und lernen M\u00f6glichkeiten, aber auch (teilweise lustige) Probleme kennen.<\/li>\n\n\n\n<li>Mit dem dabei gewonnenen Gesp\u00fcr f\u00fcr die Herausforderungen, die unser Projekt darstellt (Insekten machen es uns aus mehreren Gr\u00fcnden nicht leicht), gehen wir zur\u00fcck an unseren Detektor und probieren, testen, &#8230; was das Zeug h\u00e4lt, hoffentlich mit kr\u00e4ftig Erfolg! Insbesondere wollen wir auch einige brachbare Datens\u00e4tze f\u00fcr das KI-Training unseres Systems schaffen und dem KInsecta-Netzwerk zur Verf\u00fcgung stellen.<\/li>\n<\/ul>\n\n\n\n<p>Sei dabei! Du bist herzlich eingeladen und wir freuen uns auf dich und auf unsere gemeinsame neue Freundschaft mit der KI.<\/p>\n\n\n\n<figure class=\"wp-block-table is-style-regular\"><table><tbody><tr><td><img loading=\"lazy\" decoding=\"async\" width=\"150\" height=\"102\" class=\"wp-image-22\" style=\"width: 150px;\" src=\"https:\/\/ursulabor.de\/wp-content\/uploads\/2021\/10\/IconVoraussetzungen.jpg\" alt=\"\"><\/td><td><strong>Der Workshop richtet sich an Sch\u00fcler:innen ab Klasse 8 bis in die Oberstufe!<\/strong> <br><br>Du musst keine Vorkenntnisse aus anderen Workshops besitzen! Insbesondere darfst du auch gerne teilnehmen, wenn du bei Modul 1 und\/oder Modul 2 noch nicht dabei warst!<\/td><\/tr><tr><td><img loading=\"lazy\" decoding=\"async\" width=\"150\" height=\"102\" class=\"wp-image-21\" style=\"width: 150px;\" src=\"https:\/\/ursulabor.de\/wp-content\/uploads\/2021\/10\/IconBerechtigungen.jpg\" alt=\"\"><\/td><td>Im UrsuLabor hast du nach erfolgreichem Workshop als Computerexpert:in freien Zugriff auf die Computer. Du bist nat\u00fcrlich au\u00dferdem eingeladen, das KInsecta-Projekt an unserer Schule auch in zuk\u00fcnftigen Workshops weiter mitzugestalten.<\/td><\/tr><\/tbody><\/table><\/figure>\n","protected":false},"excerpt":{"rendered":"<p>KInsecta: Jetzt dreht sich alles um die K\u00fcnstliche Intelligenz! K\u00fcnstliche Intelligenz begegnet uns in unserem Alltag mittlerweile in vielen Anwendungen und Situationen und sie kann wirklich sehr hilfreich sein. Insbesondere dann, wenn man sich etwas damit auskennt. Und genau darum wird es in diesem Workshop gehen: Sei dabei! Du bist herzlich eingeladen und wir freuen [&hellip;]<\/p>\n","protected":false},"author":1,"featured_media":0,"parent":0,"menu_order":0,"comment_status":"closed","ping_status":"closed","template":"","meta":{"_uag_custom_page_level_css":"","site-sidebar-layout":"default","site-content-layout":"","ast-site-content-layout":"default","site-content-style":"default","site-sidebar-style":"default","ast-global-header-display":"","ast-banner-title-visibility":"","ast-main-header-display":"","ast-hfb-above-header-display":"","ast-hfb-below-header-display":"","ast-hfb-mobile-header-display":"","site-post-title":"disabled","ast-breadcrumbs-content":"","ast-featured-img":"","footer-sml-layout":"","ast-disable-related-posts":"","theme-transparent-header-meta":"","adv-header-id-meta":"","stick-header-meta":"","header-above-stick-meta":"","header-main-stick-meta":"","header-below-stick-meta":"","astra-migrate-meta-layouts":"set","ast-page-background-enabled":"default","ast-page-background-meta":{"desktop":{"background-color":"var(--ast-global-color-4)","background-image":"","background-repeat":"repeat","background-position":"center center","background-size":"auto","background-attachment":"scroll","background-type":"","background-media":"","overlay-type":"","overlay-color":"","overlay-opacity":"","overlay-gradient":""},"tablet":{"background-color":"","background-image":"","background-repeat":"repeat","background-position":"center center","background-size":"auto","background-attachment":"scroll","background-type":"","background-media":"","overlay-type":"","overlay-color":"","overlay-opacity":"","overlay-gradient":""},"mobile":{"background-color":"","background-image":"","background-repeat":"repeat","background-position":"center center","background-size":"auto","background-attachment":"scroll","background-type":"","background-media":"","overlay-type":"","overlay-color":"","overlay-opacity":"","overlay-gradient":""}},"ast-content-background-meta":{"desktop":{"background-color":"var(--ast-global-color-5)","background-image":"","background-repeat":"repeat","background-position":"center center","background-size":"auto","background-attachment":"scroll","background-type":"","background-media":"","overlay-type":"","overlay-color":"","overlay-opacity":"","overlay-gradient":""},"tablet":{"background-color":"var(--ast-global-color-5)","background-image":"","background-repeat":"repeat","background-position":"center center","background-size":"auto","background-attachment":"scroll","background-type":"","background-media":"","overlay-type":"","overlay-color":"","overlay-opacity":"","overlay-gradient":""},"mobile":{"background-color":"var(--ast-global-color-5)","background-image":"","background-repeat":"repeat","background-position":"center center","background-size":"auto","background-attachment":"scroll","background-type":"","background-media":"","overlay-type":"","overlay-color":"","overlay-opacity":"","overlay-gradient":""}},"footnotes":""},"class_list":["post-380","page","type-page","status-publish","hentry"],"uagb_featured_image_src":{"full":false,"thumbnail":false,"medium":false,"medium_large":false,"large":false,"1536x1536":false,"2048x2048":false},"uagb_author_info":{"display_name":"admin","author_link":"https:\/\/ursulabor.de\/?author=1"},"uagb_comment_info":0,"uagb_excerpt":"KInsecta: Jetzt dreht sich alles um die K\u00fcnstliche Intelligenz! K\u00fcnstliche Intelligenz begegnet uns in unserem Alltag mittlerweile in vielen Anwendungen und Situationen und sie kann wirklich sehr hilfreich sein. Insbesondere dann, wenn man sich etwas damit auskennt. Und genau darum wird es in diesem Workshop gehen: Sei dabei! Du bist herzlich eingeladen und wir freuen&hellip;","_links":{"self":[{"href":"https:\/\/ursulabor.de\/index.php?rest_route=\/wp\/v2\/pages\/380","targetHints":{"allow":["GET"]}}],"collection":[{"href":"https:\/\/ursulabor.de\/index.php?rest_route=\/wp\/v2\/pages"}],"about":[{"href":"https:\/\/ursulabor.de\/index.php?rest_route=\/wp\/v2\/types\/page"}],"author":[{"embeddable":true,"href":"https:\/\/ursulabor.de\/index.php?rest_route=\/wp\/v2\/users\/1"}],"replies":[{"embeddable":true,"href":"https:\/\/ursulabor.de\/index.php?rest_route=%2Fwp%2Fv2%2Fcomments&post=380"}],"version-history":[{"count":8,"href":"https:\/\/ursulabor.de\/index.php?rest_route=\/wp\/v2\/pages\/380\/revisions"}],"predecessor-version":[{"id":540,"href":"https:\/\/ursulabor.de\/index.php?rest_route=\/wp\/v2\/pages\/380\/revisions\/540"}],"wp:attachment":[{"href":"https:\/\/ursulabor.de\/index.php?rest_route=%2Fwp%2Fv2%2Fmedia&parent=380"}],"curies":[{"name":"wp","href":"https:\/\/api.w.org\/{rel}","templated":true}]}}