{"id":339,"date":"2024-08-21T17:18:39","date_gmt":"2024-08-21T17:18:39","guid":{"rendered":"https:\/\/ursulabor.de\/?page_id=339"},"modified":"2026-04-13T16:53:46","modified_gmt":"2026-04-13T16:53:46","slug":"aktuelles","status":"publish","type":"page","link":"https:\/\/ursulabor.de\/?page_id=339","title":{"rendered":"Aktuelles"},"content":{"rendered":"\n<h1 class=\"wp-block-heading\" id=\"der-fruhling-bringt-neue-workshops-jetzt-anmelden\">UrsuLabor und SpaceDay am Ursulinengymnasium!<\/h1>\n\n\n\n<p>Direkt nach den Osterferien warten direkt zwei Highlights auf euch: Es werden neue Workshops im UrsuLabor ausgeschrieben und am Samstag, 18.04.26 veranstalten wir zusammen mit dem Verein Yuri&#8217;s Night Deutschland e.V. und dem DLR_School_Lab den SpaceDay 2026 in K\u00f6ln:<\/p>\n\n\n\n<figure class=\"wp-block-image aligncenter size-large is-resized\"><img loading=\"lazy\" decoding=\"async\" width=\"1024\" height=\"576\" src=\"https:\/\/ursulabor.de\/wp-content\/uploads\/2026\/04\/YN26_Banner-1024x576.jpg\" alt=\"\" class=\"wp-image-670\" style=\"aspect-ratio:1.7777583388098888;width:728px;height:auto\" srcset=\"https:\/\/ursulabor.de\/wp-content\/uploads\/2026\/04\/YN26_Banner-1024x576.jpg 1024w, https:\/\/ursulabor.de\/wp-content\/uploads\/2026\/04\/YN26_Banner-300x169.jpg 300w, https:\/\/ursulabor.de\/wp-content\/uploads\/2026\/04\/YN26_Banner-768x432.jpg 768w, https:\/\/ursulabor.de\/wp-content\/uploads\/2026\/04\/YN26_Banner.jpg 1280w\" sizes=\"auto, (max-width: 1024px) 100vw, 1024px\" \/><\/figure>\n\n\n\n<div style=\"height:40px\" aria-hidden=\"true\" class=\"wp-block-spacer\"><\/div>\n\n\n\n<p>Erlebt kostenfrei die spannende Welt der Raumfahrt mit Ausstellungsst\u00fccken, Mitmachaktionen und B\u00fchnenprogramm mit Experten von DLR und ESA. <strong>Unter anderem wird die ESA-Astronautin Dr. Amelie Schoenenwald bei uns in der Schule zu Gast sein!<\/strong> Was euch sonst noch erwartet: Startet eure eigene Wasserrakete, erkundet die Raumstation ISS in 3D, versucht spannende Weltraum-Experimente und taucht ein in die Faszination der Raumfahrt!<\/p>\n\n\n\n<p>Der Anmeldezeitraum f\u00fcr die Workshops des UrsuLabors l\u00e4uft und erstreckt sich bis Freitag, 17.04.26 (Papierform) bzw. Samstag, 18.04.26 (online \u00fcber Moodle). Die Workshops beginnen dann am Dienstag, 21.04.26.<\/p>\n\n\n\n<p><strong>Und hier die ausf\u00fchrlichen Beschreibungen der Workshops und des Wettbewerbs:<\/strong><\/p>\n\n\n\n<figure class=\"wp-block-table\"><table><tbody><tr><td><a href=\"https:\/\/ursulabor.de\/?page_id=654\">Vier Dienstage, vier Challenges!<\/a><\/td><td>Klassen 5 bis 7<\/td><\/tr><tr><td><a href=\"https:\/\/ursulabor.de\/?page_id=651\">KInsecta \u2013 Konstruktion und Bau eines Insekten-Erfassungsmoduls<\/a><\/td><td>ab Klasse 7<\/td><\/tr><tr><td><a href=\"https:\/\/ursulabor.de\/?page_id=662\">pib \u2013 Unser humanoider Roboter aus dem 3D-Drucker<\/a><\/td><td>ab Klasse 8<\/td><\/tr><\/tbody><\/table><\/figure>\n\n\n\n<p><\/p>\n\n\n\n<p>Die Workshops beginnen jeweils um 14:05 Uhr und enden um 15:35 Uhr, d.h. sie liegen in der 8. und 9. Stunde. Die Mittagspause in der 7. Stunde kann entweder auf dem Schulhof oder in Raum H1.1 in der Physik (H\u00f6rsaal) verbracht werden, wobei ihr bitte selbst f\u00fcr euer Essen und Getr\u00e4nke sorgt.<\/p>\n\n\n\n<p>Einer der Grunds\u00e4tze des ursuLabors lautet: <strong>Ihr findet hier Raum und Unterst\u00fctzung f\u00fcr eure Ideen, die wir gemeinsam und mit Freude angehen wollen.<\/strong> Deshalb sind neben den Workshops im offenen Laborbetrieb auch die Laborr\u00e4ume (Chemie bitte mit Vorabsprache mit einer Chemielehrkraft bis montags davor) f\u00fcr eigene Projekte ge\u00f6ffnet und stehen euch mit ihren M\u00f6glichkeiten zur Verf\u00fcgung. Kommt dazu einfach zur 8. Stunde (14:05 Uhr) zu Raum H1.3 in der Physik.<\/p>\n\n\n\n<p><br><br><\/p>\n\n\n\n<h1 class=\"wp-block-heading\" id=\"wie-meldet-man-sich-an\">Wie meldet man sich zu den Workshops an?<\/h1>\n\n\n\n<p>Vor dem Projektraum H1.4 in der Physik steht ein gro\u00dfer Briefkasten, bei dem auch die Anmeldezettel ausliegen (ansonsten <a href=\"https:\/\/ursulabor.de\/wp-content\/uploads\/2021\/10\/ursulabor_ws_anmeldung.pdf\" target=\"_blank\" rel=\"noreferrer noopener\">hier<\/a> als PDF). Du f\u00fcllst das Formular vollst\u00e4ndig aus, l\u00e4sst ein Elternteil unterschreiben und wirfst ihn bis Freitag, 17. April, 12 Uhr (Ursulafest), in den Briefkasten ein. Alternativ kannst du den unterschriebenen Zettel einscannen und im ursuLabor-Moodle-Kurs als Datei im entsprechenden Abgabebereich hochladen. Das geht sogar bis Samstag, 18. April. (Solltest du noch nicht in diesem Kurs eingeschrieben sein, dann kannst du das selbstst\u00e4ndig tun. Logge dich dazu bei Moodle ein und klicke auf \u201eStartseite\u201c. W\u00e4hle ganz unten \u201eAlle Kurse\u201c und gib in der dann ge\u00f6ffneten Suchmaske \u201eursuLabor\u201c ins Suchfeld ein. Klicke den Kurs an und gib den Selbsteinschreibeschl\u00fcssel ein. Er lautet: <strong>ursuLabor2019!<\/strong> Nach anschlie\u00dfendem Klick auf \u201eEinschreiben\u201c bist du Mitglied des Kurses.)<\/p>\n\n\n\n<p>Wir hoffen, dass wir alle W\u00fcnsche erf\u00fcllen k\u00f6nnen, m\u00fcssen aber leider bei zu vielen Anmeldungen f\u00fcr einen Workshop losen. Ob die Anmeldung erfolgreich war, erf\u00e4hrst du am Sonntag, 19. April, \u00fcber eine Moodlemitteilung. Achtung: Die Workshops beginnen direkt am Dienstag danach, also am 21. April!<\/p>\n\n\n\n<p><br><br><\/p>\n\n\n\n<h1 class=\"wp-block-heading\">Der Zeitplan nochmal im \u00dcberblick:<\/h1>\n\n\n<figure class=\"wp-block-table\">\n<table border=\"1\" cellspacing=\"5\" cellpadding=\"15\">\n<tbody>\n<tr>\n<th scope=\"col\">wann?<\/th>\n<th scope=\"col\">was?<\/th>\n<\/tr>\n<tr>\n<td>Montag, 13.04.26<\/td>\n<td>Ausschreibung neuer Workshops<\/td>\n<\/tr>\n<tr>\n<td>Freitag, 17.04.26, 12 Uhr<\/td>\n<td>Frist f\u00fcr die Workshopanmeldungen in Papierform<\/td>\n<\/tr>\n<tr>\n<td>Samstag, 18.04.26<\/td>\n<td>Frist f\u00fcr die Workshopanmeldungen digital \u00fcber Moodle<\/td>\n<\/tr>\n<tr>\n<td>Sonntag, 19.04.26<\/td>\n<td>R\u00fcckmeldung zu den Workshopanmeldungen als Moodle-Mitteilung<\/td>\n<\/tr>\n<tr>\n<td>Dienstag, 21.04.26<\/td>\n<td>1. Workshoptag und offener Laborbetrieb<\/td>\n<\/tr>\n<tr>\n<td>Dienstag, 28.04.26<\/td>\n<td>2. Workshoptag und offener Laborbetrieb<\/td>\n<\/tr>\n<tr>\n<td>Dienstag, 05.05.26<\/td>\n<td>3. Workshoptag und offener Laborbetrieb<\/td>\n<\/tr>\n<tr>\n<td>Dienstag, 12.05.26<\/td>\n<td>4. Workshoptag und offener Laborbetrieb<\/td>\n<\/tr>\n<tr>\n<td>Dienstag, 19.05.26<\/td>\n<td>offener Laborbetrieb<\/td>\n<\/tr>\n<tr>\n<td>Dienstag, 26.05.26<\/td>\n<td><strong>kein Laborbetrieb<\/strong> (Pfingstferientag)<\/td>\n<\/tr>\n<tr>\n<td>Dienstag, 02.06.26<\/td>\n<td>Beginn einer neuen Workshopreihe<\/td>\n<\/tr>\n<\/tbody>\n<\/table>\n<\/figure>\n\n\n<p><\/p>\n\n\n\n<p><br><\/p>\n","protected":false},"excerpt":{"rendered":"<p>UrsuLabor und SpaceDay am Ursulinengymnasium! Direkt nach den Osterferien warten direkt zwei Highlights auf euch: Es werden neue Workshops im UrsuLabor ausgeschrieben und am Samstag, 18.04.26 veranstalten wir zusammen mit dem Verein Yuri&#8217;s Night Deutschland e.V. und dem DLR_School_Lab den SpaceDay 2026 in K\u00f6ln: Erlebt kostenfrei die spannende Welt der Raumfahrt mit Ausstellungsst\u00fccken, Mitmachaktionen und [&hellip;]<\/p>\n","protected":false},"author":1,"featured_media":0,"parent":0,"menu_order":0,"comment_status":"closed","ping_status":"closed","template":"","meta":{"_uag_custom_page_level_css":"","site-sidebar-layout":"default","site-content-layout":"","ast-site-content-layout":"default","site-content-style":"default","site-sidebar-style":"default","ast-global-header-display":"","ast-banner-title-visibility":"","ast-main-header-display":"","ast-hfb-above-header-display":"","ast-hfb-below-header-display":"","ast-hfb-mobile-header-display":"","site-post-title":"disabled","ast-breadcrumbs-content":"","ast-featured-img":"","footer-sml-layout":"","ast-disable-related-posts":"","theme-transparent-header-meta":"","adv-header-id-meta":"","stick-header-meta":"","header-above-stick-meta":"","header-main-stick-meta":"","header-below-stick-meta":"","astra-migrate-meta-layouts":"set","ast-page-background-enabled":"default","ast-page-background-meta":{"desktop":{"background-color":"var(--ast-global-color-4)","background-image":"","background-repeat":"repeat","background-position":"center center","background-size":"auto","background-attachment":"scroll","background-type":"","background-media":"","overlay-type":"","overlay-color":"","overlay-opacity":"","overlay-gradient":""},"tablet":{"background-color":"","background-image":"","background-repeat":"repeat","background-position":"center center","background-size":"auto","background-attachment":"scroll","background-type":"","background-media":"","overlay-type":"","overlay-color":"","overlay-opacity":"","overlay-gradient":""},"mobile":{"background-color":"","background-image":"","background-repeat":"repeat","background-position":"center center","background-size":"auto","background-attachment":"scroll","background-type":"","background-media":"","overlay-type":"","overlay-color":"","overlay-opacity":"","overlay-gradient":""}},"ast-content-background-meta":{"desktop":{"background-color":"var(--ast-global-color-5)","background-image":"","background-repeat":"repeat","background-position":"center center","background-size":"auto","background-attachment":"scroll","background-type":"","background-media":"","overlay-type":"","overlay-color":"","overlay-opacity":"","overlay-gradient":""},"tablet":{"background-color":"var(--ast-global-color-5)","background-image":"","background-repeat":"repeat","background-position":"center center","background-size":"auto","background-attachment":"scroll","background-type":"","background-media":"","overlay-type":"","overlay-color":"","overlay-opacity":"","overlay-gradient":""},"mobile":{"background-color":"var(--ast-global-color-5)","background-image":"","background-repeat":"repeat","background-position":"center center","background-size":"auto","background-attachment":"scroll","background-type":"","background-media":"","overlay-type":"","overlay-color":"","overlay-opacity":"","overlay-gradient":""}},"footnotes":""},"class_list":["post-339","page","type-page","status-publish","hentry"],"uagb_featured_image_src":{"full":false,"thumbnail":false,"medium":false,"medium_large":false,"large":false,"1536x1536":false,"2048x2048":false},"uagb_author_info":{"display_name":"admin","author_link":"https:\/\/ursulabor.de\/?author=1"},"uagb_comment_info":0,"uagb_excerpt":"UrsuLabor und SpaceDay am Ursulinengymnasium! Direkt nach den Osterferien warten direkt zwei Highlights auf euch: Es werden neue Workshops im UrsuLabor ausgeschrieben und am Samstag, 18.04.26 veranstalten wir zusammen mit dem Verein Yuri&#8217;s Night Deutschland e.V. und dem DLR_School_Lab den SpaceDay 2026 in K\u00f6ln: Erlebt kostenfrei die spannende Welt der Raumfahrt mit Ausstellungsst\u00fccken, Mitmachaktionen und&hellip;","_links":{"self":[{"href":"https:\/\/ursulabor.de\/index.php?rest_route=\/wp\/v2\/pages\/339","targetHints":{"allow":["GET"]}}],"collection":[{"href":"https:\/\/ursulabor.de\/index.php?rest_route=\/wp\/v2\/pages"}],"about":[{"href":"https:\/\/ursulabor.de\/index.php?rest_route=\/wp\/v2\/types\/page"}],"author":[{"embeddable":true,"href":"https:\/\/ursulabor.de\/index.php?rest_route=\/wp\/v2\/users\/1"}],"replies":[{"embeddable":true,"href":"https:\/\/ursulabor.de\/index.php?rest_route=%2Fwp%2Fv2%2Fcomments&post=339"}],"version-history":[{"count":50,"href":"https:\/\/ursulabor.de\/index.php?rest_route=\/wp\/v2\/pages\/339\/revisions"}],"predecessor-version":[{"id":676,"href":"https:\/\/ursulabor.de\/index.php?rest_route=\/wp\/v2\/pages\/339\/revisions\/676"}],"wp:attachment":[{"href":"https:\/\/ursulabor.de\/index.php?rest_route=%2Fwp%2Fv2%2Fmedia&parent=339"}],"curies":[{"name":"wp","href":"https:\/\/api.w.org\/{rel}","templated":true}]}}