{"id":25,"date":"2021-10-03T18:41:08","date_gmt":"2021-10-03T18:41:08","guid":{"rendered":"https:\/\/ursulabor.de\/?page_id=25"},"modified":"2023-10-08T11:44:36","modified_gmt":"2023-10-08T11:44:36","slug":"unsere-workshops","status":"publish","type":"page","link":"https:\/\/ursulabor.de\/?page_id=25","title":{"rendered":"Unsere Workshops"},"content":{"rendered":"\n<h2 class=\"wp-block-heading\">Unsere Workshops<\/h2>\n\n\n\n<p><\/p>\n\n\n\n<p>Parallel zum freien Experimentieren finden dienstags in der Laborzeit auch Workshops statt. Hier lernt ihr in einer kompakten Form Dinge kennen, die euch anschlie\u00dfend f\u00fcr das weitere Arbeiten sehr hilfreich sind und euch nach erfolgreicher Teilnahme teilweise auch neue Rechte f\u00fcr das eigenst\u00e4ndige Arbeiten bringen.<br><br>Die Workshops werden unter &#8222;Aktuelles&#8220; hier auf der Website und im Moodlekurs des ursuLabors einige Zeit vorher ausgeschrieben und umfassen meistens vier Termine. Ihr m\u00fcsst euch dazu verbindlich mit einem Anmeldezettel (PDF, liegt auch w\u00e4hrend der Anmeldephasen am Briefkasten vor H1.4 aus) schriftlich anmelden. Diesen k\u00f6nnt ihr im Abgabebereich bei Moodle digital hochladen oder in den Briefkasten vor H1.4 einwerfen. Ihr erhaltet vor dem Workshop per Moodlemitteilung eine R\u00fcckmeldung dar\u00fcber, ob eure Anmeldung erfolgreich war.<br><br>F\u00fcr alle konkret ausgeschriebenen Workshops findet ihr \u00fcber einen Link zus\u00e4tzlich eine kurze Workshopbeschreibung. F\u00fcr die dabei verwendeten Symbole hier eine kurze Legende:<\/p>\n\n\n\n<figure class=\"wp-block-table\"><table><tbody><tr><td><img loading=\"lazy\" decoding=\"async\" width=\"150\" height=\"102\" class=\"wp-image-22\" style=\"width: 150px;\" src=\"https:\/\/ursulabor.de\/wp-content\/uploads\/2021\/10\/IconVoraussetzungen.jpg\" alt=\"\"><\/td><td>Mit diesem Symbol werden die Voraussetzungen deutlich gemacht, die man erf\u00fcllen muss, um am Workshop teilnehmen zu d\u00fcrfen.<\/td><\/tr><tr><td><img loading=\"lazy\" decoding=\"async\" width=\"150\" height=\"102\" class=\"wp-image-21\" style=\"width: 150px;\" src=\"https:\/\/ursulabor.de\/wp-content\/uploads\/2021\/10\/IconBerechtigungen.jpg\" alt=\"\"><\/td><td>Dieses Symbol kennzeichnet die Rechte, die man mit einer erfolgreichen Teilnahme am Workshop f\u00fcr die zuk\u00fcnftige Arbeit im ursuLabor erwirbt.<\/td><\/tr><\/tbody><\/table><\/figure>\n\n\n\n<div style=\"height:100px\" aria-hidden=\"true\" class=\"wp-block-spacer\"><\/div>\n\n\n\n<h3 class=\"wp-block-heading\">Unsere Workshops konkret<\/h3>\n\n\n\n<p>Bei der folgenden Liste handelt es sich um einen \u00dcberblick, welche Workshops wir schon durchgef\u00fchrt haben, aktuell anbieten oder f\u00fcr die Zukunft planen. Sie ist als offene Liste zu verstehen, d.h. ihr d\u00fcrft auch gerne W\u00fcnsche \u00e4u\u00dfern, wenn ihr weitere Ideen habt oder Angebote vermisst.<\/p>\n\n\n\n<div style=\"height:50px\" aria-hidden=\"true\" class=\"wp-block-spacer\"><\/div>\n\n\n\n<figure class=\"wp-block-table\"><table><thead><tr><th>CAD-Modellierung und 3D-Druck<\/th><\/tr><\/thead><tbody><tr><td>Einf\u00fchrung in die CAD-Modellierung und den 3D-Druck<\/td><\/tr><tr><td>Einfache Grundtechniken und Standardwerkzeuge bei SolidWorks<\/td><\/tr><tr><td>Gute Druckergebnisse mit dem 3D-Drucker erzielen<\/td><\/tr><tr><td>SolidWorks: 3D-Skizzieren mit Ebenen<\/td><\/tr><tr><td>SolidWorks: Tipps und Tricks f\u00fcr Fortgeschrittene<\/td><\/tr><\/tbody><\/table><\/figure>\n\n\n\n<div style=\"height:50px\" aria-hidden=\"true\" class=\"wp-block-spacer\"><\/div>\n\n\n\n<figure class=\"wp-block-table\"><table><thead><tr><th>Quer durch die Naturwissenschaften, die Geologie, die Meterologie, die Heilkunde,&#8230;<\/th><\/tr><\/thead><tbody><tr><td>Der Laborf\u00fchrerschein Chemie (Jahrgangsstufen 7 bis 10)<\/td><\/tr><tr><td>Der Laborf\u00fchrerschein Chemie Level II (Oberstufe)<\/td><\/tr><tr><td>Chemie mit viel Effekt<\/td><\/tr><tr><td>Chemie trifft Zauberei: &#8222;Zauberhafte Farben&#8220;<\/td><\/tr><tr><td>Einf\u00fchrung in die Mikroskopie<\/td><\/tr><tr><td>Junior Science Olympiade<\/td><\/tr><tr><td>Fossilien<\/td><\/tr><tr><td>Klostermedizin im Mittelalter<\/td><\/tr><tr><td>Ein Garten f\u00fcr unser Zimmer<\/td><\/tr><tr><td>Das Leben der Bienen und die Arbeit der Imker<\/td><\/tr><tr><td>Warum einfach, wenn es auch kompliziert geht? &#8211; Wir bauen Rube-Goldberg-Maschinen!<\/td><\/tr><\/tbody><\/table><\/figure>\n\n\n\n<div style=\"height:50px\" aria-hidden=\"true\" class=\"wp-block-spacer\"><\/div>\n\n\n\n<figure class=\"wp-block-table\"><table><thead><tr><th>Robotik<\/th><\/tr><\/thead><tbody><tr><td>Einen autonomen Roboter selber bauen, Teil 1: Grundlagen<\/td><\/tr><tr><td>Einen autonomen Roboter selber bauen, Teil 2: Aktorik und Sensorik<\/td><\/tr><tr><td>Einen autonomen Roboter selber bauen, Teil 3: Programmierung<\/td><\/tr><tr><td>Asuro, Modul 1: L\u00f6ten und Zusammenbau des Roboterbausatzes<\/td><\/tr><tr><td>Asuro, Modul 2: Inbetriebnahme und erste Programmierungen<\/td><\/tr><tr><td>Ein Roboter f\u00fcr den Mars<\/td><\/tr><\/tbody><\/table><\/figure>\n\n\n\n<div style=\"height:50px\" aria-hidden=\"true\" class=\"wp-block-spacer\"><\/div>\n\n\n\n<figure class=\"wp-block-table\"><table><thead><tr><th>Die Welt der Mikrocontroller und Einplatinencomputer \/ Arduino, Raspberry Pi und Co<\/th><\/tr><\/thead><tbody><tr><td>Erste Schritte mit Arduino<\/td><\/tr><tr><td>Erste Schritte mit Raspberry Pi<\/td><\/tr><tr><td>Einen eigenen Medienserver mit einem Raspberry Pi betreiben<\/td><\/tr><\/tbody><\/table><\/figure>\n\n\n\n<div style=\"height:50px\" aria-hidden=\"true\" class=\"wp-block-spacer\"><\/div>\n\n\n\n<figure class=\"wp-block-table\"><table><thead><tr><th>\u00dcbergreifende Projekte<\/th><\/tr><\/thead><tbody><tr><td>Unsere Schule f\u00fcr das Klima<\/td><\/tr><tr><td>KInsecta<\/td><\/tr><tr><td>Feinstaubmessung mit selbstgebautem Sensor<\/td><\/tr><tr><td>Escaperaumprojekt: &#8222;The Escape from Ascaban&#8220;<\/td><\/tr><tr><td>virtuelles Escape-Projekt: &#8222;Unsere Lehrerin ist verschwunden&#8220;<\/td><\/tr><\/tbody><\/table><\/figure>\n\n\n\n<div style=\"height:50px\" aria-hidden=\"true\" class=\"wp-block-spacer\"><\/div>\n\n\n\n<figure class=\"wp-block-table\"><table><thead><tr><th>Informatik und Elektronik<\/th><\/tr><\/thead><tbody><tr><td>Einf\u00fchrung in App Inventor<\/td><\/tr><tr><td>Richtig l\u00f6ten: Weihnachtsschmuck trifft Elektronik<\/td><\/tr><tr><td>H5P und Co: digitales Unterrichtsmaterial selbst erstellen<\/td><\/tr><\/tbody><\/table><\/figure>\n\n\n\n<div style=\"height:50px\" aria-hidden=\"true\" class=\"wp-block-spacer\"><\/div>\n\n\n\n<figure class=\"wp-block-table\"><table><thead><tr><th>Multimedia-Projekte<\/th><\/tr><\/thead><tbody><tr><td>Erkl\u00e4rvideos erstellen<\/td><\/tr><tr><td>Ursulinen beim DLR &#8211; Der Film<\/td><\/tr><tr><td>Die Ursulinenschule stellt sich vor \/ Beitrag zum virtuellen Tag der Offenen T\u00fcr<\/td><\/tr><\/tbody><\/table><\/figure>\n","protected":false},"excerpt":{"rendered":"<p>Unsere Workshops Parallel zum freien Experimentieren finden dienstags in der Laborzeit auch Workshops statt. Hier lernt ihr in einer kompakten Form Dinge kennen, die euch anschlie\u00dfend f\u00fcr das weitere Arbeiten sehr hilfreich sind und euch nach erfolgreicher Teilnahme teilweise auch neue Rechte f\u00fcr das eigenst\u00e4ndige Arbeiten bringen. Die Workshops werden unter &#8222;Aktuelles&#8220; hier auf der [&hellip;]<\/p>\n","protected":false},"author":1,"featured_media":0,"parent":0,"menu_order":0,"comment_status":"closed","ping_status":"closed","template":"","meta":{"_uag_custom_page_level_css":"","site-sidebar-layout":"default","site-content-layout":"default","ast-site-content-layout":"default","site-content-style":"default","site-sidebar-style":"default","ast-global-header-display":"","ast-banner-title-visibility":"","ast-main-header-display":"","ast-hfb-above-header-display":"","ast-hfb-below-header-display":"","ast-hfb-mobile-header-display":"","site-post-title":"disabled","ast-breadcrumbs-content":"","ast-featured-img":"","footer-sml-layout":"","ast-disable-related-posts":"","theme-transparent-header-meta":"default","adv-header-id-meta":"","stick-header-meta":"","header-above-stick-meta":"","header-main-stick-meta":"","header-below-stick-meta":"","astra-migrate-meta-layouts":"set","ast-page-background-enabled":"default","ast-page-background-meta":{"desktop":{"background-color":"var(--ast-global-color-4)","background-image":"","background-repeat":"repeat","background-position":"center center","background-size":"auto","background-attachment":"scroll","background-type":"","background-media":"","overlay-type":"","overlay-color":"","overlay-opacity":"","overlay-gradient":""},"tablet":{"background-color":"","background-image":"","background-repeat":"repeat","background-position":"center center","background-size":"auto","background-attachment":"scroll","background-type":"","background-media":"","overlay-type":"","overlay-color":"","overlay-opacity":"","overlay-gradient":""},"mobile":{"background-color":"","background-image":"","background-repeat":"repeat","background-position":"center center","background-size":"auto","background-attachment":"scroll","background-type":"","background-media":"","overlay-type":"","overlay-color":"","overlay-opacity":"","overlay-gradient":""}},"ast-content-background-meta":{"desktop":{"background-color":"var(--ast-global-color-5)","background-image":"","background-repeat":"repeat","background-position":"center center","background-size":"auto","background-attachment":"scroll","background-type":"","background-media":"","overlay-type":"","overlay-color":"","overlay-opacity":"","overlay-gradient":""},"tablet":{"background-color":"var(--ast-global-color-5)","background-image":"","background-repeat":"repeat","background-position":"center center","background-size":"auto","background-attachment":"scroll","background-type":"","background-media":"","overlay-type":"","overlay-color":"","overlay-opacity":"","overlay-gradient":""},"mobile":{"background-color":"var(--ast-global-color-5)","background-image":"","background-repeat":"repeat","background-position":"center center","background-size":"auto","background-attachment":"scroll","background-type":"","background-media":"","overlay-type":"","overlay-color":"","overlay-opacity":"","overlay-gradient":""}},"footnotes":""},"class_list":["post-25","page","type-page","status-publish","hentry"],"uagb_featured_image_src":{"full":false,"thumbnail":false,"medium":false,"medium_large":false,"large":false,"1536x1536":false,"2048x2048":false},"uagb_author_info":{"display_name":"admin","author_link":"https:\/\/ursulabor.de\/?author=1"},"uagb_comment_info":0,"uagb_excerpt":"Unsere Workshops Parallel zum freien Experimentieren finden dienstags in der Laborzeit auch Workshops statt. Hier lernt ihr in einer kompakten Form Dinge kennen, die euch anschlie\u00dfend f\u00fcr das weitere Arbeiten sehr hilfreich sind und euch nach erfolgreicher Teilnahme teilweise auch neue Rechte f\u00fcr das eigenst\u00e4ndige Arbeiten bringen. Die Workshops werden unter &#8222;Aktuelles&#8220; hier auf der&hellip;","_links":{"self":[{"href":"https:\/\/ursulabor.de\/index.php?rest_route=\/wp\/v2\/pages\/25","targetHints":{"allow":["GET"]}}],"collection":[{"href":"https:\/\/ursulabor.de\/index.php?rest_route=\/wp\/v2\/pages"}],"about":[{"href":"https:\/\/ursulabor.de\/index.php?rest_route=\/wp\/v2\/types\/page"}],"author":[{"embeddable":true,"href":"https:\/\/ursulabor.de\/index.php?rest_route=\/wp\/v2\/users\/1"}],"replies":[{"embeddable":true,"href":"https:\/\/ursulabor.de\/index.php?rest_route=%2Fwp%2Fv2%2Fcomments&post=25"}],"version-history":[{"count":10,"href":"https:\/\/ursulabor.de\/index.php?rest_route=\/wp\/v2\/pages\/25\/revisions"}],"predecessor-version":[{"id":226,"href":"https:\/\/ursulabor.de\/index.php?rest_route=\/wp\/v2\/pages\/25\/revisions\/226"}],"wp:attachment":[{"href":"https:\/\/ursulabor.de\/index.php?rest_route=%2Fwp%2Fv2%2Fmedia&parent=25"}],"curies":[{"name":"wp","href":"https:\/\/api.w.org\/{rel}","templated":true}]}}