{"id":239,"date":"2023-10-08T12:30:46","date_gmt":"2023-10-08T12:30:46","guid":{"rendered":"https:\/\/ursulabor.de\/?page_id=239"},"modified":"2025-09-30T16:39:41","modified_gmt":"2025-09-30T16:39:41","slug":"mint-ec","status":"publish","type":"page","link":"https:\/\/ursulabor.de\/?page_id=239","title":{"rendered":"MINT-EC"},"content":{"rendered":"\n<div class=\"wp-block-media-text is-stacked-on-mobile\"><figure class=\"wp-block-media-text__media\"><img loading=\"lazy\" decoding=\"async\" width=\"320\" height=\"212\" src=\"https:\/\/ursulabor.de\/wp-content\/uploads\/2021\/10\/mint-ec-logo-mitglied.jpg\" alt=\"\" class=\"wp-image-24 size-full\" srcset=\"https:\/\/ursulabor.de\/wp-content\/uploads\/2021\/10\/mint-ec-logo-mitglied.jpg 320w, https:\/\/ursulabor.de\/wp-content\/uploads\/2021\/10\/mint-ec-logo-mitglied-300x199.jpg 300w\" sizes=\"auto, (max-width: 320px) 100vw, 320px\" \/><\/figure><div class=\"wp-block-media-text__content\">\n<p>Das Erzbisch\u00f6fliche Ursulinengymnasium K\u00f6ln wurde im Jahr 2017 in das nationale Excellence-Schulnetzwerk MINT-EC als Anw\u00e4rterschule aufgenommen und ist seit 2019 Vollmitglied.<br><a href=\"https:\/\/www.mint-ec.de\/\" target=\"_blank\" rel=\"noreferrer noopener\">MINT-EC<\/a> ist das nationale Excellence-Netzwerk von Schulen mit Sekundarstufe II und ausgepr\u00e4gtem Profil in Mathematik, Informatik, Naturwissenschaften und Technik (MINT). Es wurde im Jahr 2000 von den Arbeitgebern gegr\u00fcndet und arbeitet eng mit deren regionalen Bildungsinitiativen zusammen. MINT-EC bietet ein breites Veranstaltungs- und F\u00f6rderangebot f\u00fcr Sch\u00fclerinnen und Sch\u00fcler sowie Fortbildungen und fachlichen Austausch f\u00fcr Lehrkr\u00e4fte und Schulleitungen. Das Netzwerk mit derzeit 332 zertifizierten Schulen mit rund 353.000 Sch\u00fclerinnen und Sch\u00fclern sowie 29.000 Lehrkr\u00e4ften steht seit 2009 unter der Schirmherrschaft der Kultusministerkonferenz der L\u00e4nder (KMK). Hauptf\u00f6rderer von MINT-EC sind der Arbeitgeberverband Gesamtmetall im Rahmen der Initiative think ING. sowie die Siemens Stiftung und die bayerischen Arbeitgeberverb\u00e4nde vbm bayme \/ vbw.<\/p>\n<\/div><\/div>\n\n\n\n<h2 class=\"wp-block-heading\">Angebote und Informationen f\u00fcr unsere Sch\u00fcler:innen<\/h2>\n\n\n\n<h3 class=\"wp-block-heading\">Veranstaltungen<\/h3>\n\n\n\n<p>MINT-EC bietet euch als Sch\u00fcler:innen unserer Oberstufe ein sehr breites Angebot an, auf das ihr euch selbstst\u00e4ndig bewerben k\u00f6nnt. Daf\u00fcr m\u00fcsst ihr euch lediglich bei MINT-EC ein eigenes Profil anlegen. Im Anschluss k\u00f6nnt ihr f\u00fcr ausgeschriebene Veranstaltungen Bewerbungen verfassen. Dabei handelt es sich um ein Angebot von MINT-EC, nicht unserer Schule. Die Entscheidung, ob ihr f\u00fcr die Teilnahme eingeladen werdet, trifft also MINT-EC. Wir stimmen lediglich eurer Bewerbung zu (das ist der Regelfall, es sei denn es gibt einen schweren Hinderungsgrund wie beispielsweise eine Kollision mit der Studienfahrt o.\u00e4.) und stellen euch bei erfolgreicher Bewerbung f\u00fcr diesen Zeitraum vom Unterricht frei.<\/p>\n\n\n\n<p>Ihr findet aktuelle Angebote direkt auf der Startseite von MINT-EC: <a href=\"https:\/\/www.mint-ec.de\/\" target=\"_blank\" rel=\"noreferrer noopener\">https:\/\/www.mint-ec.de\/<\/a><\/p>\n\n\n\n<p>Mittlerweile haben schon viele eurer Mitsch\u00fcler:innen erfolgreiche Bewerbungen geschrieben, insbesondere MINT-EC-Camps besucht und begeistert berichtet. Wir k\u00f6nnen also schon auf einige Erfahrungen zur\u00fcckgreifen. Deshalb findet ihr weitere Infos im Moodle-Kurs des ursuLabors und im MINT-EC-Schaukasten. Er befindet sich an der Stirnseite im Flur vor dem Oberstufenberatungszimmer und dem Raum der Stundenplaner. Hier wird angek\u00fcndigt, wenn wieder eine neue Bewerbungsrunde ansteht und ihr erhaltet wichtige Tipps dazu, wie eine gute Bewerbung aussehen sollte.<\/p>\n\n\n\n<p>F\u00fcr eventuelle Fragen steht euch auch Herr Servos zur Verf\u00fcgung.<\/p>\n\n\n\n<h3 class=\"wp-block-heading\">MINT-EC-Zertifikat<\/h3>\n\n\n\n<p>Seit dem Abitur 2019 vergeben wir das MINT-EC-Zertifikat! Es handelt sich dabei um eine besondere Auszeichnung f\u00fcr Sch\u00fcler:innen, die ihre Schullaufbahn so gestaltet haben, dass sie sich im Bereich der MINT-F\u00e4cher besonders vertieft haben. Das Zertifikat dr\u00fcckt diese pers\u00f6nliche Schwerpunktsetzung und die erreichte Expertise aus und kann damit die pers\u00f6nlichen Chancen in weiteren Ausbildungsstufen und im Berufseinstieg erh\u00f6hen. Das Zertifikat wird in drei Pr\u00e4dikatsstufen je nach erreichter Gesamtpunktzahl vergeben, wobei die Beantragung und die Dokumentation erbrachter Leistungen in der Verantwortung jeder Sch\u00fcler:in selbst liegt.<\/p>\n\n\n\n<p>Allgemeine Informationen findet ihr auf der entsprechenden Seite von MINT-EC:<\/p>\n\n\n\n<p><a href=\"https:\/\/www.mint-ec.de\/mint-ec-zertifikat\" target=\"_blank\" rel=\"noreferrer noopener\">https:\/\/www.mint-ec.de\/mint-ec-zertifikat<\/a><\/p>\n\n\n\n<p>Ihr findet dort neben einem Informationsflyer und den ganz detaillierten Ausf\u00fchrungen insbesondere auch ein Heft zur Dokumentation der eigenen MINT-Leistungen, ein kompaktes Formblatt zur Auflistung und ein Antragsformular.<\/p>\n\n\n\n<p>Weitere Informationen findet ihr im Moodle-Kurs des ursuLabors, in den Moodle-Jahrgangsstufenkursen der Oberstufe und im MINT-EC-Schaukasten. Er befindet sich an der Stirnseite im Flur vor dem Oberstufenberatungszimmer und dem Raum der Stundenplaner. Es werden an diesen Stellen unter anderem unsere MINT-Angebote der letzten Jahre aufgelistet, wobei ihr der Tabelle auch jeweils die damit verbundenen Zertifikatspunkte entnehmen k\u00f6nnt.<\/p>\n\n\n\n<p>F\u00fcr alle R\u00fcckfragen d\u00fcrft ihr euch aber auch gerne direkt an Herrn Servos wenden.<\/p>\n\n\n\n<p><\/p>\n","protected":false},"excerpt":{"rendered":"<p>Das Erzbisch\u00f6fliche Ursulinengymnasium K\u00f6ln wurde im Jahr 2017 in das nationale Excellence-Schulnetzwerk MINT-EC als Anw\u00e4rterschule aufgenommen und ist seit 2019 Vollmitglied.MINT-EC ist das nationale Excellence-Netzwerk von Schulen mit Sekundarstufe II und ausgepr\u00e4gtem Profil in Mathematik, Informatik, Naturwissenschaften und Technik (MINT). Es wurde im Jahr 2000 von den Arbeitgebern gegr\u00fcndet und arbeitet eng mit deren regionalen [&hellip;]<\/p>\n","protected":false},"author":1,"featured_media":0,"parent":0,"menu_order":0,"comment_status":"closed","ping_status":"closed","template":"","meta":{"_uag_custom_page_level_css":"","site-sidebar-layout":"default","site-content-layout":"","ast-site-content-layout":"default","site-content-style":"default","site-sidebar-style":"default","ast-global-header-display":"","ast-banner-title-visibility":"","ast-main-header-display":"","ast-hfb-above-header-display":"","ast-hfb-below-header-display":"","ast-hfb-mobile-header-display":"","site-post-title":"disabled","ast-breadcrumbs-content":"","ast-featured-img":"","footer-sml-layout":"","ast-disable-related-posts":"","theme-transparent-header-meta":"","adv-header-id-meta":"","stick-header-meta":"","header-above-stick-meta":"","header-main-stick-meta":"","header-below-stick-meta":"","astra-migrate-meta-layouts":"set","ast-page-background-enabled":"default","ast-page-background-meta":{"desktop":{"background-color":"var(--ast-global-color-4)","background-image":"","background-repeat":"repeat","background-position":"center center","background-size":"auto","background-attachment":"scroll","background-type":"","background-media":"","overlay-type":"","overlay-color":"","overlay-opacity":"","overlay-gradient":""},"tablet":{"background-color":"","background-image":"","background-repeat":"repeat","background-position":"center center","background-size":"auto","background-attachment":"scroll","background-type":"","background-media":"","overlay-type":"","overlay-color":"","overlay-opacity":"","overlay-gradient":""},"mobile":{"background-color":"","background-image":"","background-repeat":"repeat","background-position":"center center","background-size":"auto","background-attachment":"scroll","background-type":"","background-media":"","overlay-type":"","overlay-color":"","overlay-opacity":"","overlay-gradient":""}},"ast-content-background-meta":{"desktop":{"background-color":"var(--ast-global-color-5)","background-image":"","background-repeat":"repeat","background-position":"center center","background-size":"auto","background-attachment":"scroll","background-type":"","background-media":"","overlay-type":"","overlay-color":"","overlay-opacity":"","overlay-gradient":""},"tablet":{"background-color":"var(--ast-global-color-5)","background-image":"","background-repeat":"repeat","background-position":"center center","background-size":"auto","background-attachment":"scroll","background-type":"","background-media":"","overlay-type":"","overlay-color":"","overlay-opacity":"","overlay-gradient":""},"mobile":{"background-color":"var(--ast-global-color-5)","background-image":"","background-repeat":"repeat","background-position":"center center","background-size":"auto","background-attachment":"scroll","background-type":"","background-media":"","overlay-type":"","overlay-color":"","overlay-opacity":"","overlay-gradient":""}},"footnotes":""},"class_list":["post-239","page","type-page","status-publish","hentry"],"uagb_featured_image_src":{"full":false,"thumbnail":false,"medium":false,"medium_large":false,"large":false,"1536x1536":false,"2048x2048":false},"uagb_author_info":{"display_name":"admin","author_link":"https:\/\/ursulabor.de\/?author=1"},"uagb_comment_info":0,"uagb_excerpt":"Das Erzbisch\u00f6fliche Ursulinengymnasium K\u00f6ln wurde im Jahr 2017 in das nationale Excellence-Schulnetzwerk MINT-EC als Anw\u00e4rterschule aufgenommen und ist seit 2019 Vollmitglied.MINT-EC ist das nationale Excellence-Netzwerk von Schulen mit Sekundarstufe II und ausgepr\u00e4gtem Profil in Mathematik, Informatik, Naturwissenschaften und Technik (MINT). Es wurde im Jahr 2000 von den Arbeitgebern gegr\u00fcndet und arbeitet eng mit deren regionalen&hellip;","_links":{"self":[{"href":"https:\/\/ursulabor.de\/index.php?rest_route=\/wp\/v2\/pages\/239","targetHints":{"allow":["GET"]}}],"collection":[{"href":"https:\/\/ursulabor.de\/index.php?rest_route=\/wp\/v2\/pages"}],"about":[{"href":"https:\/\/ursulabor.de\/index.php?rest_route=\/wp\/v2\/types\/page"}],"author":[{"embeddable":true,"href":"https:\/\/ursulabor.de\/index.php?rest_route=\/wp\/v2\/users\/1"}],"replies":[{"embeddable":true,"href":"https:\/\/ursulabor.de\/index.php?rest_route=%2Fwp%2Fv2%2Fcomments&post=239"}],"version-history":[{"count":5,"href":"https:\/\/ursulabor.de\/index.php?rest_route=\/wp\/v2\/pages\/239\/revisions"}],"predecessor-version":[{"id":570,"href":"https:\/\/ursulabor.de\/index.php?rest_route=\/wp\/v2\/pages\/239\/revisions\/570"}],"wp:attachment":[{"href":"https:\/\/ursulabor.de\/index.php?rest_route=%2Fwp%2Fv2%2Fmedia&parent=239"}],"curies":[{"name":"wp","href":"https:\/\/api.w.org\/{rel}","templated":true}]}}