{"id":14,"date":"2021-10-03T17:56:39","date_gmt":"2021-10-03T17:56:39","guid":{"rendered":"https:\/\/ursulabor.de\/?page_id=14"},"modified":"2021-10-03T18:42:13","modified_gmt":"2021-10-03T18:42:13","slug":"impressum-und-datenschutzerklaerung","status":"publish","type":"page","link":"https:\/\/ursulabor.de\/?page_id=14","title":{"rendered":"Impressum und Datenschutzerkl\u00e4rung"},"content":{"rendered":"\n<h1 class=\"wp-block-heading\">Impressum<\/h1>\n\n\n\n<p>Sowohl technisch als auch inhaltlich verantwortlich f\u00fcr die Website www.ursulabor.de ist:<\/p>\n\n\n\n<p>Raimund Servos<br>Koordinator der Naturwissenschaften \/ Ansprechpartner MINT des Erzbisch\u00f6flichen Ursulinengymnasiums K\u00f6ln<br>Machab\u00e4erstra\u00dfe 47<br>50668 K\u00f6ln<br><br>Tel: +49 221 123007<br><em>support (at) ursulinen-hoch-hinaus.de<\/em><br><br><\/p>\n\n\n\n<h1 class=\"wp-block-heading\">Datenschutzerkl\u00e4rung<\/h1>\n\n\n\n<h2 class=\"wp-block-heading\">Generelle Erkl\u00e4rung zur Erfassung und Verarbeitung personenbezogener Daten<\/h2>\n\n\n\n<p>Der Websitebetreiber sch\u00e4tzt den Datenschutz sehr. Es ist ihm daher auch ein besonderes Anliegen, Ihren Datenschutz umfassend zu respektieren, bei der Nutzung dieser Website sicher zu stellen und gesetzliche Vorschriften einzuhalten.<\/p>\n\n\n\n<p>Grunds\u00e4tzlich werden aus diesem Grund bewusst kaum personenbezogene Daten erfasst und verarbeitet (vgl. f\u00fcr die Begrifflichkeiten Art. 4 DSGVO):<\/p>\n\n\n\n<ul class=\"wp-block-list\"><li>Eine Kommentarfunktion oder die M\u00f6glichkeit, direkte Beitr\u00e4ge zu verfassen, werden auf dieser Website bewusst nicht zur Verf\u00fcgung gestellt.<\/li><li>Ebenfalls werden keine Formulare eingesetzt. Auf einen Newsletter wird verzichtet.<\/li><li>Diese Website nutzt weder &#8222;Google Analytics&#8220; noch &#8222;Social-Media-Plugins von Facebook&#8220;.<\/li><\/ul>\n\n\n\n<p>Beim Besuch dieser Website werden zwar keinerlei Angaben zu Ihrer Person verlangt, aber es werden sowohl Server-Logfiles erstellt als auch Cookies eingesetzt. Dar\u00fcber hinaus sind Sie in der Lage, mit uns per Mail oder Telefon in Kontakt zu treten und dabei personenbezogene Daten zu \u00fcbermitteln. Die folgenden Abschnitte gehen detailliert auf diese Punkte ein.<\/p>\n\n\n\n<h2 class=\"wp-block-heading\">Daten \u00fcber Zugriffe auf die Website<\/h2>\n\n\n\n<p>Auf Basis des berechtigten Interesses nach Art. 6 Abs. 1 lit. f. DSGVO werden beim Aufruf der Webseite durch Besucher die IP-Adressen dieser Besucher erfasst und durch den Seitenprovider in &#8222;Serverlogfiles&#8220; gespeichert.<br>Zus\u00e4tzlich werden auf gleicher rechtlicher Basis folgende Daten protokolliert:<\/p>\n\n\n\n<ul class=\"wp-block-list\"><li>Besuchte Website<\/li><li>Uhrzeit zum Zeitpunkt des Zugriffes<\/li><li>Menge der gesendeten Daten in Byte<\/li><li>Quelle\/Verweis, von welchem Sie auf die Seite gelangten<\/li><li>Verwendeter Browser<\/li><li>Verwendetes Betriebssystem<\/li><\/ul>\n\n\n\n<p>Diese Daten werden zur Erkennung und Abwehr von Angriffen maximal sieben Tage gespeichert.<\/p>\n\n\n\n<p>Aus datenschutzrechtlichen Gr\u00fcnden wird in den Logfiles, die der Seitenprovider dem Websitebetreiber zur Verf\u00fcgung stellt, der Hostname bzw. die IP-Adresse des Clients, der die Website aufruft, anonymisiert. In den Logfiles werden nur die Eintr\u00e4ge f\u00fcr den Host des Clients oder, wenn dieser nicht ermittelbar ist, die IP-Adresse des Clients anonymisiert. Das Format aller anderen Eintr\u00e4ge \u00e4ndert sich nicht, aber durch die Anonymisierung der Daten sind R\u00fcckschl\u00fcsse auf Ihre Person nicht m\u00f6glich.<\/p>\n\n\n\n<h2 class=\"wp-block-heading\">Cookies<\/h2>\n\n\n\n<p>Grundlegend verwendet jede Website &#8222;Session-Cookies&#8220;, auch diese Website. Session-Cookies speichern den Internetaufruf tempor\u00e4r und werden mit dem Schlie\u00dfen des Browsers gel\u00f6scht. Diese Art von Cookies speichert keine Informationen \u00fcber den Benutzer.<\/p>\n\n\n\n<p>Andere Arten von Cookies werden nicht eingesetzt, d.h. die Website verwendet weder &#8222;Permanente- bzw. Protokoll-Cookies&#8220; noch Drittanbieter-Cookies.<\/p>\n\n\n\n<p>Nutzen Sie einen g\u00e4ngigen Browser, dann k\u00f6nnen Sie die Einstellungen so vornehmen, dass Cookies nur nach Nachfrage oder gar nicht zugelassen werden. In diesem Fall ist allerdings nicht gew\u00e4hrleistet, dass die Website in ihrer Funktionalit\u00e4t nicht eingeschr\u00e4nkt wird.<\/p>\n\n\n\n<h2 class=\"wp-block-heading\">Umgang mit Kontaktdaten<\/h2>\n\n\n\n<p>Treten Sie mit uns \u00fcber die angebotenen Kommunikationswege in Kontakt, so erfolgt eine Speicherung Ihre Angaben, damit Ihr Anliegen bearbeitet werden kann. Eine Weitergabe an Dritte erfolgt ohne Ihr ausdr\u00fcckliches Einverst\u00e4ndnis nicht.<\/p>\n\n\n\n<h2 class=\"wp-block-heading\">Recht auf Auskunft, Berichtigung, L\u00f6schung und Verarbeitungseinschr\u00e4nkung; Beschwerde<\/h2>\n\n\n\n<p>Sie haben im Rahmen der geltenden gesetzlichen Bestimmungen der DSGVO jederzeit das Recht auf Auskunft, Berichtigung, L\u00f6schung und Einschr\u00e4nkung der Verarbeitung. (Falls eine L\u00f6schung nicht durchgef\u00fchrt werden kann, da die Daten f\u00fcr zul\u00e4ssige gesetzliche Zwecke erforderlich sind, erfolgt eine Einschr\u00e4nkung der Datenverarbeitung. In diesem Fall werden die Daten gesperrt und nicht f\u00fcr andere Zwecke verarbeitet.)<br>Hierzu sowie zu weiteren Fragen zum Thema personenbezogene Daten k\u00f6nnen Sie sich jederzeit unter <em>support (at) @ursulinen-hoch-hinaus.de<\/em> an uns wenden.<br>Sollten Sie annehmen, dass Ihre Daten unrechtm\u00e4\u00dfig verarbeitet wurden, k\u00f6nnen Sie eine Beschwerde bei der zust\u00e4ndigen Aufsichtsbeh\u00f6rde einreichen.<\/p>\n\n\n\n<h2 class=\"wp-block-heading\">Widerspruchsrecht<\/h2>\n\n\n\n<p>Sie k\u00f6nnen jeder Zeit von ihrem Widerspruchsrecht Gebrauch machen und der Verarbeitung ihrer personenbezogenen Daten widersprechen.<br>Wenden Sie sich bitte auch in diesem Fall an folgende E-Mail-Adresse: <em>support (at) @ursulinen-hoch-hinaus.de<\/em><\/p>\n","protected":false},"excerpt":{"rendered":"<p>Impressum Sowohl technisch als auch inhaltlich verantwortlich f\u00fcr die Website www.ursulabor.de ist: Raimund ServosKoordinator der Naturwissenschaften \/ Ansprechpartner MINT des Erzbisch\u00f6flichen Ursulinengymnasiums K\u00f6lnMachab\u00e4erstra\u00dfe 4750668 K\u00f6ln Tel: +49 221 123007support (at) ursulinen-hoch-hinaus.de Datenschutzerkl\u00e4rung Generelle Erkl\u00e4rung zur Erfassung und Verarbeitung personenbezogener Daten Der Websitebetreiber sch\u00e4tzt den Datenschutz sehr. Es ist ihm daher auch ein besonderes Anliegen, Ihren [&hellip;]<\/p>\n","protected":false},"author":1,"featured_media":0,"parent":0,"menu_order":0,"comment_status":"closed","ping_status":"closed","template":"","meta":{"_uag_custom_page_level_css":"","site-sidebar-layout":"default","site-content-layout":"default","ast-site-content-layout":"default","site-content-style":"default","site-sidebar-style":"default","ast-global-header-display":"","ast-banner-title-visibility":"","ast-main-header-display":"","ast-hfb-above-header-display":"","ast-hfb-below-header-display":"","ast-hfb-mobile-header-display":"","site-post-title":"disabled","ast-breadcrumbs-content":"","ast-featured-img":"","footer-sml-layout":"","ast-disable-related-posts":"","theme-transparent-header-meta":"default","adv-header-id-meta":"","stick-header-meta":"","header-above-stick-meta":"","header-main-stick-meta":"","header-below-stick-meta":"","astra-migrate-meta-layouts":"default","ast-page-background-enabled":"default","ast-page-background-meta":{"desktop":{"background-color":"var(--ast-global-color-4)","background-image":"","background-repeat":"repeat","background-position":"center center","background-size":"auto","background-attachment":"scroll","background-type":"","background-media":"","overlay-type":"","overlay-color":"","overlay-opacity":"","overlay-gradient":""},"tablet":{"background-color":"","background-image":"","background-repeat":"repeat","background-position":"center center","background-size":"auto","background-attachment":"scroll","background-type":"","background-media":"","overlay-type":"","overlay-color":"","overlay-opacity":"","overlay-gradient":""},"mobile":{"background-color":"","background-image":"","background-repeat":"repeat","background-position":"center center","background-size":"auto","background-attachment":"scroll","background-type":"","background-media":"","overlay-type":"","overlay-color":"","overlay-opacity":"","overlay-gradient":""}},"ast-content-background-meta":{"desktop":{"background-color":"var(--ast-global-color-5)","background-image":"","background-repeat":"repeat","background-position":"center center","background-size":"auto","background-attachment":"scroll","background-type":"","background-media":"","overlay-type":"","overlay-color":"","overlay-opacity":"","overlay-gradient":""},"tablet":{"background-color":"var(--ast-global-color-5)","background-image":"","background-repeat":"repeat","background-position":"center center","background-size":"auto","background-attachment":"scroll","background-type":"","background-media":"","overlay-type":"","overlay-color":"","overlay-opacity":"","overlay-gradient":""},"mobile":{"background-color":"var(--ast-global-color-5)","background-image":"","background-repeat":"repeat","background-position":"center center","background-size":"auto","background-attachment":"scroll","background-type":"","background-media":"","overlay-type":"","overlay-color":"","overlay-opacity":"","overlay-gradient":""}},"footnotes":""},"class_list":["post-14","page","type-page","status-publish","hentry"],"uagb_featured_image_src":{"full":false,"thumbnail":false,"medium":false,"medium_large":false,"large":false,"1536x1536":false,"2048x2048":false},"uagb_author_info":{"display_name":"admin","author_link":"https:\/\/ursulabor.de\/?author=1"},"uagb_comment_info":0,"uagb_excerpt":"Impressum Sowohl technisch als auch inhaltlich verantwortlich f\u00fcr die Website www.ursulabor.de ist: Raimund ServosKoordinator der Naturwissenschaften \/ Ansprechpartner MINT des Erzbisch\u00f6flichen Ursulinengymnasiums K\u00f6lnMachab\u00e4erstra\u00dfe 4750668 K\u00f6ln Tel: +49 221 123007support (at) ursulinen-hoch-hinaus.de Datenschutzerkl\u00e4rung Generelle Erkl\u00e4rung zur Erfassung und Verarbeitung personenbezogener Daten Der Websitebetreiber sch\u00e4tzt den Datenschutz sehr. Es ist ihm daher auch ein besonderes Anliegen, Ihren&hellip;","_links":{"self":[{"href":"https:\/\/ursulabor.de\/index.php?rest_route=\/wp\/v2\/pages\/14","targetHints":{"allow":["GET"]}}],"collection":[{"href":"https:\/\/ursulabor.de\/index.php?rest_route=\/wp\/v2\/pages"}],"about":[{"href":"https:\/\/ursulabor.de\/index.php?rest_route=\/wp\/v2\/types\/page"}],"author":[{"embeddable":true,"href":"https:\/\/ursulabor.de\/index.php?rest_route=\/wp\/v2\/users\/1"}],"replies":[{"embeddable":true,"href":"https:\/\/ursulabor.de\/index.php?rest_route=%2Fwp%2Fv2%2Fcomments&post=14"}],"version-history":[{"count":2,"href":"https:\/\/ursulabor.de\/index.php?rest_route=\/wp\/v2\/pages\/14\/revisions"}],"predecessor-version":[{"id":264,"href":"https:\/\/ursulabor.de\/index.php?rest_route=\/wp\/v2\/pages\/14\/revisions\/264"}],"wp:attachment":[{"href":"https:\/\/ursulabor.de\/index.php?rest_route=%2Fwp%2Fv2%2Fmedia&parent=14"}],"curies":[{"name":"wp","href":"https:\/\/api.w.org\/{rel}","templated":true}]}}